{"id":39,"date":"2016-06-03T10:19:34","date_gmt":"2016-06-03T08:19:34","guid":{"rendered":"http:\/\/oratorienchor.filk.de\/?page_id=39"},"modified":"2022-12-01T10:38:09","modified_gmt":"2022-12-01T09:38:09","slug":"konzertpreisliste","status":"publish","type":"page","link":"https:\/\/www.hamburger-oratorienchor.de\/wp\/konzertpreisliste\/","title":{"rendered":"Saalplan &#038; Konzertpreisliste"},"content":{"rendered":"<p><\/p>\n<h3>Saalplan Laeiszhalle, Gro\u00dfer Saal<\/h3>\n<p>(zum Vergr\u00f6\u00dfern der Ansicht bitte auf das Bild klicken)<\/p>\n<p>&nbsp;<br \/>\n<a href=\"https:\/\/www.hamburger-oratorienchor.de\/-content\/-images\/laeiszhalle_grossersaal.pdf\"><img decoding=\"async\" loading=\"lazy\" class=\"alignleft\" src=\"https:\/\/www.hamburger-oratorienchor.de\/-content\/-images\/laeiszhalle_grossersaal.jpg\" alt=\"Saalplan\" width=\"300\" height=\"2339\"><\/a><br \/>\n&nbsp;<\/p>\n<p>&nbsp;<\/p>\n<p>&nbsp;<\/p>\n<p>&nbsp;<\/p>\n<p>&nbsp;<\/p>\n<p>&nbsp;<\/p>\n<p>&nbsp;<\/p>\n<p>&nbsp;<\/p>\n<p>&nbsp;<\/p>\n<p>&nbsp;<\/p>\n<p>&nbsp;<\/p>\n<p><a href=\"https:\/\/www.hamburger-oratorienchor.de\/-content\/-images\/laeiszhalle_grossersaal.pdf\">Saalplan als PDF-Datei \u2192 hier klicken.<\/a><\/p>\n<h3>&nbsp;<\/h3>\n<h3>Konzertpreisliste f\u00fcr die Laeiszhalle, Gro\u00dfer Saal<\/h3>\n<p>&nbsp;<\/p>\n<h4><a href=\"https:\/\/www.hamburger-oratorienchor.de\/-content\/-images\/laeiszhalle_grossersaal.pdf\"><img decoding=\"async\" loading=\"lazy\" title=\"hier geht es zum Saalplan\" src=\"https:\/\/www.hamburger-oratorienchor.de\/-content\/-images\/kategorie1.gif\" alt=\"Image\" width=\"10\" height=\"10\"><b>&nbsp;Preiskategorie 1<\/b><\/a><\/h4>\n<p>&nbsp;<\/p>\n<table  class=\"table table table-hover\" >\n<tbody>\n<tr>\n<td class=\"zelle-20\">Parkett<\/td>\n<td class=\"zelle-22\">links, rechts<\/td>\n<td class=\"zelle-21\">Reihe 5 &#8211; 22<\/td>\n<td class=\"zelle-20\">32,00 \u20ac<\/td>\n<\/tr>\n<tr>\n<td class=\"zelle-20\">1. Rang<\/td>\n<td class=\"zelle-22\">Balkon, links, rechts<\/td>\n<td class=\"zelle-21\">Reihe 1 &#8211; 5<\/td>\n<td class=\"zelle-20\">32,00 \u20ac<\/td>\n<\/tr>\n<tr>\n<td class=\"zelle-20\">1. Rang<\/td>\n<td class=\"zelle-22\">Loge 1 &#8211; 10, links, rechts<\/td>\n<td class=\"zelle-21\">Reihe 1<\/td>\n<td class=\"zelle-20\">32,00 \u20ac<\/td>\n<\/tr>\n<\/tbody>\n<\/table>\n<p>&nbsp;<\/p>\n<h4><a href=\"https:\/\/www.hamburger-oratorienchor.de\/-content\/-images\/laeiszhalle_grossersaal.pdf\"><img decoding=\"async\" loading=\"lazy\" title=\"hier geht es zum Saalplan\" src=\"https:\/\/www.hamburger-oratorienchor.de\/-content\/-images\/kategorie2.gif\" alt=\"Image\" width=\"10\" height=\"10\"><b>&nbsp;Preiskategorie 2<\/b><\/a><\/h4>\n<p>&nbsp;<\/p>\n<table  class=\"table table table-hover\" >\n<tbody>\n<tr>\n<td class=\"zelle-20\">Parkett<\/td>\n<td class=\"zelle-22\">links, rechts<\/td>\n<td class=\"zelle-21\">Reihe 1 &#8211; 4<\/td>\n<td class=\"zelle-20\">28,00 \u20ac<\/td>\n<\/tr>\n<tr>\n<td class=\"zelle-20\">Parkett<\/td>\n<td class=\"zelle-22\">links, rechts<\/td>\n<td class=\"zelle-21\">Reihe 23 &#8211; 26<\/td>\n<td class=\"zelle-20\">28,00 \u20ac<\/td>\n<\/tr>\n<tr>\n<td class=\"zelle-20\">Parkett<\/td>\n<td class=\"zelle-22\">links, Rollstuhlpl\u00e4tze<\/td>\n<td class=\"zelle-21\">Platz 1 &#8211; 6<\/td>\n<td class=\"zelle-20\">28,00 \u20ac<\/td>\n<\/tr>\n<tr>\n<td class=\"zelle-20\">Parkett<\/td>\n<td class=\"zelle-22\">links, Seitenpl\u00e4tze<\/td>\n<td class=\"zelle-21\">Platz 13 &#8211; 20<\/td>\n<td class=\"zelle-20\">28,00 \u20ac<\/td>\n<\/tr>\n<tr>\n<td class=\"zelle-20\">Parkett<\/td>\n<td class=\"zelle-22\">rechts, Seitenpl\u00e4tze<\/td>\n<td class=\"zelle-21\">Platz 1 &#8211; 20<\/td>\n<td class=\"zelle-20\">28,00 \u20ac<\/td>\n<\/tr>\n<tr>\n<td class=\"zelle-20\">1. Rang<\/td>\n<td class=\"zelle-22\">Balkon, links, rechts<\/td>\n<td class=\"zelle-21\">Reihe 6 &#8211; 8<\/td>\n<td class=\"zelle-20\">28,00 \u20ac<\/td>\n<\/tr>\n<tr>\n<td class=\"zelle-20\">1. Rang<\/td>\n<td class=\"zelle-22\">Loge 1 &#8211; 10, links, rechts<\/td>\n<td class=\"zelle-21\">Reihe 2<\/td>\n<td class=\"zelle-20\">28,00 \u20ac<\/td>\n<\/tr>\n<tr>\n<td class=\"zelle-20\">2. Rang<\/td>\n<td class=\"zelle-22\">Balkon, links, rechts<\/td>\n<td class=\"zelle-21\">Reihe 1<\/td>\n<td class=\"zelle-20\">28,00 \u20ac<\/td>\n<\/tr>\n<\/tbody>\n<\/table>\n<p>&nbsp;<\/p>\n<h4><a href=\"https:\/\/www.hamburger-oratorienchor.de\/-content\/-images\/laeiszhalle_grossersaal.pdf\"><img decoding=\"async\" loading=\"lazy\" title=\"hier geht es zum Saalplan\" src=\"https:\/\/www.hamburger-oratorienchor.de\/-content\/-images\/kategorie3.gif\" alt=\"Image\" width=\"10\" height=\"10\"><b>&nbsp;Preiskategorie 3<\/b><\/a><\/h4>\n<p>&nbsp;<\/p>\n<table  class=\"table table table-hover\" >\n<tbody>\n<tr>\n<td class=\"zelle-20\">Parkett<\/td>\n<td class=\"zelle-22\">links, rechts<\/td>\n<td class=\"zelle-21\">Reihe 27 &#8211; 30<\/td>\n<td class=\"zelle-20\">24,00 \u20ac<\/td>\n<\/tr>\n<tr>\n<td class=\"zelle-20\">Parkett<\/td>\n<td class=\"zelle-22\">links, Seitenpl\u00e4tze<\/td>\n<td class=\"zelle-21\">Platz 21 &#8211; 24<\/td>\n<td class=\"zelle-20\">24,00 \u20ac<\/td>\n<\/tr>\n<tr>\n<td class=\"zelle-20\">Parkett<\/td>\n<td class=\"zelle-22\">rechts, Seitenpl\u00e4tze<\/td>\n<td class=\"zelle-21\">Platz 21 &#8211; 24<\/td>\n<td class=\"zelle-20\">24,00 \u20ac<\/td>\n<\/tr>\n<tr>\n<td class=\"zelle-20\">1. Rang<\/td>\n<td class=\"zelle-22\">Loge 1 &#8211; 10, links, rechts<\/td>\n<td class=\"zelle-21\">Reihe 3<\/td>\n<td class=\"zelle-20\">24,00 \u20ac<\/td>\n<\/tr>\n<tr>\n<td class=\"zelle-20\">2. Rang<\/td>\n<td class=\"zelle-22\">Balkon, links, rechts<\/td>\n<td class=\"zelle-21\">Reihe 2<\/td>\n<td class=\"zelle-20\">24,00 \u20ac<\/td>\n<\/tr>\n<tr>\n<td class=\"zelle-20\">2. Rang<\/td>\n<td class=\"zelle-22\">Balkon, links, rechts<\/td>\n<td class=\"zelle-21\">Reihe 3, Platz 9 &#8211; 16<\/td>\n<td class=\"zelle-20\">24,00 \u20ac<\/td>\n<\/tr>\n<tr>\n<td class=\"zelle-20\">2. Rang<\/td>\n<td class=\"zelle-22\">Loge 1 &#8211; 6<\/td>\n<td class=\"zelle-21\">Reihe 1<\/td>\n<td class=\"zelle-20\">24,00 \u20ac<\/td>\n<\/tr>\n<\/tbody>\n<\/table>\n<p>&nbsp;<\/p>\n<h4><a href=\"https:\/\/www.hamburger-oratorienchor.de\/-content\/-images\/laeiszhalle_grossersaal.pdf\"><img decoding=\"async\" loading=\"lazy\" title=\"hier geht es zum Saalplan\" src=\"https:\/\/www.hamburger-oratorienchor.de\/-content\/-images\/kategorie4.gif\" alt=\"Image\" width=\"10\" height=\"10\"><b>&nbsp;Preiskategorie 4<\/b><\/a><\/h4>\n<p>&nbsp;<\/p>\n<table  class=\"table table table-hover\" >\n<tbody>\n<tr>\n<td class=\"zelle-20\">1. Rang<\/td>\n<td class=\"zelle-22\">Loge 1 &#8211; 10, links, rechts<\/td>\n<td class=\"zelle-21\">Reihe 4<\/td>\n<td class=\"zelle-20\">20,00 \u20ac<\/td>\n<\/tr>\n<tr>\n<td class=\"zelle-20\">2. Rang<\/td>\n<td class=\"zelle-22\">Balkon, links, rechts<\/td>\n<td class=\"zelle-21\">Reihe 3, Platz 1 &#8211; 8<\/td>\n<td class=\"zelle-20\">20,00 \u20ac<\/td>\n<\/tr>\n<tr>\n<td class=\"zelle-20\">2. Rang<\/td>\n<td class=\"zelle-22\">Balkon, links, rechts<\/td>\n<td class=\"zelle-21\">Reihe 4 &#8211; 5<\/td>\n<td class=\"zelle-20\">20,00 \u20ac<\/td>\n<\/tr>\n<tr>\n<td class=\"zelle-20\">2. Rang<\/td>\n<td class=\"zelle-22\">Loge 1 &#8211; 6, links, rechts<\/td>\n<td class=\"zelle-21\">Reihe 2<\/td>\n<td class=\"zelle-20\">20,00 \u20ac<\/td>\n<\/tr>\n<\/tbody>\n<\/table>\n<p>&nbsp;<\/p>\n<h4><a href=\"https:\/\/www.hamburger-oratorienchor.de\/-content\/-images\/laeiszhalle_grossersaal.pdf\"><img decoding=\"async\" loading=\"lazy\" title=\"hier geht es zum Saalplan\" src=\"https:\/\/www.hamburger-oratorienchor.de\/-content\/-images\/kategorie5.gif\" alt=\"Image\" width=\"10\" height=\"10\"><b>&nbsp;Preiskategorie 5<\/b><\/a><\/h4>\n<p>&nbsp;<\/p>\n<table  class=\"table table table-hover\" >\n<tbody>\n<tr>\n<td class=\"zelle-20\">2. Rang<\/td>\n<td class=\"zelle-22\">Galerie, Reihe 1 &#8211; 8<\/td>\n<td class=\"zelle-21\">unnummeriert<\/td>\n<td class=\"zelle-20\">10,00 \u20ac<\/td>\n<\/tr>\n<tr>\n<td class=\"zelle-20\">2. Rang<\/td>\n<td class=\"zelle-22\">Seitenreihe 1 &#8211; 4, links, rechts<\/td>\n<td class=\"zelle-21\">unnummeriert<\/td>\n<td class=\"zelle-20\">10,00 \u20ac<\/td>\n<\/tr>\n<\/tbody>\n<\/table>\n<p><\/p>","protected":false},"excerpt":{"rendered":"<p>Saalplan Laeiszhalle, Gro\u00dfer Saal (zum Vergr\u00f6\u00dfern der Ansicht bitte auf das Bild klicken) &nbsp; &nbsp; &nbsp; &nbsp; &nbsp; &nbsp; &nbsp; &nbsp; &nbsp; &nbsp; &nbsp; &nbsp; Saalplan als PDF-Datei \u2192 hier klicken. &nbsp; Konzertpreisliste f\u00fcr die Laeiszhalle, Gro\u00dfer Saal &nbsp; &nbsp;Preiskategorie 1 &nbsp; Parkett links, rechts Reihe 5 &#8211; 22 32,00 \u20ac 1. Rang Balkon, links, [&hellip;]<\/p>\n","protected":false},"author":2,"featured_media":0,"parent":0,"menu_order":0,"comment_status":"closed","ping_status":"closed","template":"","meta":{"ngg_post_thumbnail":0},"_links":{"self":[{"href":"https:\/\/www.hamburger-oratorienchor.de\/wp\/wp-json\/wp\/v2\/pages\/39"}],"collection":[{"href":"https:\/\/www.hamburger-oratorienchor.de\/wp\/wp-json\/wp\/v2\/pages"}],"about":[{"href":"https:\/\/www.hamburger-oratorienchor.de\/wp\/wp-json\/wp\/v2\/types\/page"}],"author":[{"embeddable":true,"href":"https:\/\/www.hamburger-oratorienchor.de\/wp\/wp-json\/wp\/v2\/users\/2"}],"replies":[{"embeddable":true,"href":"https:\/\/www.hamburger-oratorienchor.de\/wp\/wp-json\/wp\/v2\/comments?post=39"}],"version-history":[{"count":24,"href":"https:\/\/www.hamburger-oratorienchor.de\/wp\/wp-json\/wp\/v2\/pages\/39\/revisions"}],"predecessor-version":[{"id":1384,"href":"https:\/\/www.hamburger-oratorienchor.de\/wp\/wp-json\/wp\/v2\/pages\/39\/revisions\/1384"}],"wp:attachment":[{"href":"https:\/\/www.hamburger-oratorienchor.de\/wp\/wp-json\/wp\/v2\/media?parent=39"}],"curies":[{"name":"wp","href":"https:\/\/api.w.org\/{rel}","templated":true}]}}